{"id":3537,"date":"2020-08-27T08:29:30","date_gmt":"2020-08-27T08:29:30","guid":{"rendered":"https:\/\/africyse.com\/?page_id=3537"},"modified":"2020-08-27T08:29:30","modified_gmt":"2020-08-27T08:29:30","slug":"produits-et-services-de-securite","status":"publish","type":"page","link":"https:\/\/africyse.com\/en\/produits-et-services-de-securite\/","title":{"rendered":"Products and Security Services"},"content":{"rendered":"<p><section id=\"bt_bb_section69e2fed4ab853\"  class=\"bt_bb_section bt_bb_layout_boxed_1200\" ><div class=\"bt_bb_port\"><div class=\"bt_bb_cell\"><div class=\"bt_bb_cell_inner\"><div class=\"bt_bb_row\"  data-bt-override-class=\"{}\"><div class=\"bt_bb_row_holder\" ><div  class=\"bt_bb_column col-md-12 col-ms-12 bt_bb_align_left bt_bb_vertical_align_top bt_bb_padding_normal\"  data-width=\"12\"><div class=\"bt_bb_column_content\"><\/div><\/div><\/div><\/div><\/div><\/div><\/div><\/section><section id=\"bt_bb_section69e2fed4abc40\"  data-background_image_src=\"'https:\/\/africyse.com\/wp-content\/uploads\/2019\/04\/bgn-people.png'\" class=\"bt_bb_section bt_bb_top_spacing_extra_large bt_bb_bottom_spacing_large bt_bb_layout_boxed_1200 bt_bb_vertical_align_top btLazyLoadBackground bt_bb_background_image\" style=\"background-image:url(&#039;https:\/\/africyse.com\/wp-content\/plugins\/bold-page-builder\/img\/blank.gif&#039;);background-position:center;background-size:contain;\"><div class=\"bt_bb_port\"><div class=\"bt_bb_cell\"><div class=\"bt_bb_cell_inner\"><div class=\"bt_bb_row\"  data-bt-override-class=\"{}\"><div class=\"bt_bb_row_holder\" ><div  class=\"bt_bb_column col-md-6 col-sm-12 bt_bb_align_left bt_bb_vertical_align_top bt_bb_animation_fade_in zoom_out animate bt_bb_padding_normal\"  data-width=\"6\"><div class=\"bt_bb_column_content\"><header class=\"bt_bb_headline bt_bb_dash_none bt_bb_superheadline bt_bb_superheadline_outside bt_bb_subheadline bt_bb_size_large bt_bb_align_inherit\" data-bt-override-class=\"{}\"><div class=\"bt_bb_headline_superheadline_outside\"><span class=\"bt_bb_headline_superheadline\">Products and Security Services<\/span><\/div><h2 class=\"bt_bb_headline_tag\"><span class=\"bt_bb_headline_content\"><span><b>Produits et <\/b><br \/><br \/>\n<u>Services de S\u00e9curit\u00e9<\/u><\/span><\/span><\/h2><div class=\"bt_bb_headline_subheadline\">Les entreprises se tournent vers nous lorsqu'elles cherchent \u00e0 mettre en \u0153uvre un programme de cyber s\u00e9curit\u00e9. Afri Cyber S\u00e9curit\u00e9 est un leader du secteur des services de conseil aux entreprises. Notre personnel est compos\u00e9 de professionnels techniques et commerciaux certifi\u00e9s qui ont aid\u00e9 tous nos clients \u00e0 surmonter leurs lacunes en mati\u00e8re de s\u00e9curit\u00e9 d'entreprise. <\/div><\/header><div class=\"bt_bb_separator bt_bb_border_style_none bt_bb_bottom_spacing_medium\" data-bt-override-class=\"null\"><\/div><\/div><\/div><div  class=\"bt_bb_column col-md-6 col-sm-12 bt_bb_align_left bt_bb_vertical_align_top bt_bb_animation_fade_in zoom_out animate bt_bb_padding_normal\"  data-width=\"6\"><div class=\"bt_bb_column_content\"><\/div><\/div><\/div><\/div><div class=\"bt_bb_row  bt_bb_column_gap_45\" style=\"; --column-gap:45px;\" data-bt-override-class=\"{}\"><div class=\"bt_bb_row_holder\" ><div  class=\"bt_bb_column col-md-4 col-ms-12 bt_bb_align_left bt_bb_vertical_align_top bt_bb_animation_fade_in zoom_out animate bt_bb_padding_normal\"  data-width=\"4\"><div class=\"bt_bb_column_content\"><div  class=\"bt_bb_text\" ><\/p>\n<p>Les entreprises se tournent vers nous lorsqu&rsquo;elles cherchent \u00e0 mettre en \u0153uvre un programme de cyber s\u00e9curit\u00e9. Afri Cyber S\u00e9curit\u00e9 est un leader du secteur des services de conseil aux entreprises. Notre personnel est compos\u00e9 de professionnels techniques et commerciaux certifi\u00e9s qui ont aid\u00e9 tous nos clients \u00e0 surmonter leurs lacunes en mati\u00e8re de s\u00e9curit\u00e9 d&rsquo;entreprise. En comblant les lacunes, en g\u00e9rant, en att\u00e9nuant les risques et en allouant des ressources pour s\u00e9curiser et prot\u00e9ger diverses organisations, Afri Cyber S\u00e9curit\u00e9 propose un portefeuille solide de services de conseil aux entreprises en toute confiance.<\/p>\n<p>Afri Cyber S\u00e9curit\u00e9 vous conseille en cyber s\u00e9curit\u00e9 dans tous les aspects de la s\u00e9curit\u00e9 d&rsquo;entreprise, y compris :<\/p>\n<ul>\n<li><strong>STRAT\u00c9GIE DU PROGRAMME DE S\u00c9CURIT\u00c9 DE L&rsquo;ENTREPRISE<\/strong><\/li>\n<li><strong> GESTION DES MENACES ET DES VULN\u00c9RABILIT\u00c9S DE L&rsquo;ENTREPRISE<\/strong><\/li>\n<li><strong> GESTION DES INCIDENTS DE L&rsquo;ENTREPRISE<\/strong><\/li>\n<li><strong> ARCHITECTURE ET MISE EN \u0152UVRE DE LA S\u00c9CURIT\u00c9 DE L&rsquo;ENTREPRISE<\/strong><\/li>\n<li><strong>GESTION DES IDENTIFICATIONS ET DES ACC\u00c8S DE L&rsquo;ENTREPRISE<\/strong><\/li>\n<li><strong> RISQUE ET CONFORMIT\u00c9 DE L\u2019ENTREPRISE<\/strong><\/li>\n<li><strong> \u00c9DUCATION ET SENSIBILISATION<\/strong><\/li>\n<li><strong> GESTION DES SERVICES DE S\u00c9CURIT\u00c9 DE L&rsquo;ENTREPRISE<\/strong><\/li>\n<\/ul>\n<p>\n<\/div><div class=\"bt_bb_separator bt_bb_border_style_none bt_bb_top_spacing_small\" data-bt-override-class=\"null\"><\/div><\/div><\/div><div  class=\"bt_bb_column col-md-4 col-ms-12 bt_bb_align_left bt_bb_vertical_align_top bt_bb_animation_fade_in zoom_out animate bt_bb_padding_normal\"  data-width=\"4\"><div class=\"bt_bb_column_content\"><div  class=\"bt_bb_text\" ><\/p>\n<p>En plus du conseil en cyber s\u00e9curit\u00e9, nos offres incluent des solutions de pointe pour s\u00e9curiser le \u00ab\u00a0cloud\u00a0\u00bb, concevoir et mettre en \u0153uvre une architecture informatique\u00a0 efficace et s\u00e9curis\u00e9e , att\u00e9nuer les menaces, s\u00e9curiser l&rsquo;Internet des objets, g\u00e9rer l&rsquo;identification et fournir des informations de cyber s\u00e9curit\u00e9.<\/p>\n<p>Nos services de conseil en cyber s\u00e9curit\u00e9 et nos services de gestion de la cyber s\u00e9curit\u00e9 soutiennent les organisations sur tous les march\u00e9s verticaux et prot\u00e8gent leurs donn\u00e9es sensibles.<\/p>\n<p><strong>NOS SERVICES DE CONSEIL EN CYBER S\u00c9CURIT\u00c9<\/strong><\/p>\n<ul>\n<li>Analyse de conformit\u00e9, d\u2019int\u00e9grit\u00e9 et de confidentialit\u00e9 des donn\u00e9es<\/li>\n<li>Services de conseil et de mise en \u0153uvre de programmes de cyber s\u00e9curit\u00e9 et services d&rsquo;op\u00e9rations de cyber s\u00e9curit\u00e9<\/li>\n<li>Analyse de vuln\u00e9rabilit\u00e9, test d\u2019intrusion et test d\u2019hame\u00e7onnage (phishing)<\/li>\n<li>Gestion et surveillance compl\u00e8te de la cyber s\u00e9curit\u00e9 de l\u2019entreprise<\/li>\n<\/ul>\n<p>\n<\/div><div class=\"bt_bb_separator bt_bb_border_style_none bt_bb_top_spacing_small\" data-bt-override-class=\"null\"><\/div><\/div><\/div><div  class=\"bt_bb_column col-md-4 col-ms-12 bt_bb_align_left bt_bb_vertical_align_top bt_bb_animation_fade_in zoom_out animate bt_bb_padding_normal\"  data-width=\"4\"><div class=\"bt_bb_column_content\"><div  class=\"bt_bb_text\" ><\/p>\n<p><strong>S\u00c9CURIT\u00c9 DE L&rsquo;INFORMATION<\/strong><\/p>\n<ul>\n<li>S\u00e9curit\u00e9 Internet<\/li>\n<li>S\u00e9curit\u00e9 des terminaux<\/li>\n<li>S\u00e9curit\u00e9 et int\u00e9grit\u00e9 des applications<\/li>\n<\/ul>\n<p><strong>GESTION DE L&rsquo;INFORMATION<\/strong><\/p>\n<ul>\n<li>Gestion des actifs informatiques<\/li>\n<li>Gestion des identifications et des acc\u00e8s<\/li>\n<li>Gestion et confidentialit\u00e9 des donn\u00e9es<\/li>\n<li>Gestion des risques<\/li>\n<\/ul>\n<p><strong>SERVICES DE BASE EN CYBER S\u00c9CURIT\u00c9 <\/strong><\/p>\n<ul>\n<li>Strat\u00e9gie et planification de la cyber s\u00e9curit\u00e9<\/li>\n<li>Gestion des risques informatiques<\/li>\n<li>Adoption et mise en \u0153uvre du cadre<\/li>\n<li>Audit informatique<\/li>\n<\/ul>\n<p><strong>SERVICES COMPLETS EN CYBERS\u00c9CURIT\u00c9<\/strong><\/p>\n<ul>\n<li>Gestion des menaces et des vuln\u00e9rabilit\u00e9s<\/li>\n<li>R\u00e9ponse aux incidents<\/li>\n<li>Cyber r\u00e9silience<\/li>\n<li>S\u00e9curit\u00e9 des plateformes num\u00e9riques et du \u00ab\u00a0cloud\u00a0\u00bb<\/li>\n<\/ul>\n<p><strong>SERVICES COMPL<\/strong><strong>\u00c9<\/strong><strong>MENTAIRES EN CYBERS<\/strong><strong>\u00c9<\/strong><strong>CURIT<\/strong><strong>\u00c9<\/strong><strong> :<\/strong><\/p>\n<ul>\n<li>Evaluation de la cyber s\u00e9curit\u00e9 et de la vuln\u00e9rabilit\u00e9<\/li>\n<li>Gestion des risques et failles de s\u00e9curit\u00e9<\/li>\n<li>Formation et sensibilisation \u00e0 la cyber s\u00e9curit\u00e9<\/li>\n<li>Outils de surveillance et de s\u00e9curit\u00e9 du r\u00e9seau<\/li>\n<li>Outils d\u2019analyse de vuln\u00e9rabilit\u00e9 des sites Web<\/li>\n<li>Outils de cryptage<\/li>\n<li>Tests d\u2019intrusion<\/li>\n<li>D\u00e9fense du r\u00e9seau sans fil<\/li>\n<li>Outils d\u2019audit du pare-feu et des mots de passe<\/li>\n<li>IDS\/IPS (Instruction de D\u00e9tection du Syst\u00e8me \/ Instruction de Pr\u00e9vention du Syst\u00e8me)<\/li>\n<li>Pare-feu (firewall)<\/li>\n<li>Antivirus<\/li>\n<li>Cam\u00e9ra de s\u00e9curit\u00e9<\/li>\n<\/ul>\n<p>\n<\/div><div class=\"bt_bb_separator bt_bb_border_style_none bt_bb_bottom_spacing_normal\" data-bt-override-class=\"null\"><\/div><\/div><\/div><\/div><\/div><\/div><\/div><\/div><\/section><\/p>\n<!-- AddThis Advanced Settings generic via filter on the_content --><!-- AddThis Share Buttons generic via filter on the_content -->","protected":false},"excerpt":{"rendered":"<p><!-- AddThis Advanced Settings generic via filter on get_the_excerpt --><!-- AddThis Share Buttons generic via filter on get_the_excerpt --><\/p>","protected":false},"author":1,"featured_media":0,"parent":0,"menu_order":0,"comment_status":"closed","ping_status":"closed","template":"","meta":{"footnotes":""},"class_list":["post-3537","page","type-page","status-publish","hentry"],"_links":{"self":[{"href":"https:\/\/africyse.com\/en\/wp-json\/wp\/v2\/pages\/3537","targetHints":{"allow":["GET"]}}],"collection":[{"href":"https:\/\/africyse.com\/en\/wp-json\/wp\/v2\/pages"}],"about":[{"href":"https:\/\/africyse.com\/en\/wp-json\/wp\/v2\/types\/page"}],"author":[{"embeddable":true,"href":"https:\/\/africyse.com\/en\/wp-json\/wp\/v2\/users\/1"}],"replies":[{"embeddable":true,"href":"https:\/\/africyse.com\/en\/wp-json\/wp\/v2\/comments?post=3537"}],"version-history":[{"count":2,"href":"https:\/\/africyse.com\/en\/wp-json\/wp\/v2\/pages\/3537\/revisions"}],"predecessor-version":[{"id":3539,"href":"https:\/\/africyse.com\/en\/wp-json\/wp\/v2\/pages\/3537\/revisions\/3539"}],"wp:attachment":[{"href":"https:\/\/africyse.com\/en\/wp-json\/wp\/v2\/media?parent=3537"}],"curies":[{"name":"wp","href":"https:\/\/api.w.org\/{rel}","templated":true}]}}