{"id":3535,"date":"2020-08-27T08:25:19","date_gmt":"2020-08-27T08:25:19","guid":{"rendered":"https:\/\/africyse.com\/?page_id=3535"},"modified":"2020-08-27T08:25:19","modified_gmt":"2020-08-27T08:25:19","slug":"cybersecurite-pour-les-entreprises","status":"publish","type":"page","link":"https:\/\/africyse.com\/en\/cybersecurite-pour-les-entreprises\/","title":{"rendered":"Cyber Security for Enterprises"},"content":{"rendered":"<section id=\"bt_bb_section69e2fed4e1eff\"  data-background_image_src=\"'https:\/\/africyse.com\/wp-content\/uploads\/2019\/04\/bgn-people.png'\" class=\"bt_bb_section bt_bb_top_spacing_extra_large bt_bb_bottom_spacing_large bt_bb_layout_boxed_1200 bt_bb_vertical_align_top btLazyLoadBackground bt_bb_background_image\" style=\"background-image:url(&#039;https:\/\/africyse.com\/wp-content\/plugins\/bold-page-builder\/img\/blank.gif&#039;);background-position:center;background-size:contain;\"><div class=\"bt_bb_port\"><div class=\"bt_bb_cell\"><div class=\"bt_bb_cell_inner\"><div class=\"bt_bb_row\"  data-bt-override-class=\"{}\"><div class=\"bt_bb_row_holder\" ><div  class=\"bt_bb_column col-md-6 col-sm-12 bt_bb_align_left bt_bb_vertical_align_top bt_bb_animation_fade_in zoom_out animate bt_bb_padding_normal\"  data-width=\"6\"><div class=\"bt_bb_column_content\"><header class=\"bt_bb_headline bt_bb_dash_none bt_bb_superheadline bt_bb_superheadline_outside bt_bb_subheadline bt_bb_size_large bt_bb_align_inherit\" data-bt-override-class=\"{}\"><div class=\"bt_bb_headline_superheadline_outside\"><span class=\"bt_bb_headline_superheadline\">CYBERSECURITE POUR LES ENTREPRISES<\/span><\/div><h2 class=\"bt_bb_headline_tag\"><span class=\"bt_bb_headline_content\"><span><b>CyberSecurity<\/b><br \/><br \/>\n<u>pour les entreprises<\/u><\/span><\/span><\/h2><div class=\"bt_bb_headline_subheadline\">Notre \u00e9quipe de consultants en cyber s\u00e9curit\u00e9 apporte une exp\u00e9rience approfondie des services financiers et une r\u00e9flexion nouvelle gr\u00e2ce \u00e0 une vaste connaissance des technologies et de la cyber s\u00e9curit\u00e9. Notre \u00e9quipe s\u2019appuie sur d'anciens professionnels de la banque et sur des professionnels du risque et de l'\u00e9valuation. Nous proposons des solutions pour r\u00e9pondre aux objectifs de demain.<\/div><\/header><div class=\"bt_bb_separator bt_bb_border_style_none bt_bb_bottom_spacing_medium\" data-bt-override-class=\"null\"><\/div><\/div><\/div><div  class=\"bt_bb_column col-md-6 col-sm-12 bt_bb_align_left bt_bb_vertical_align_top bt_bb_animation_fade_in zoom_out animate bt_bb_padding_normal\"  data-width=\"6\"><div class=\"bt_bb_column_content\"><\/div><\/div><\/div><\/div><div class=\"bt_bb_row  bt_bb_column_gap_45\" style=\"; --column-gap:45px;\" data-bt-override-class=\"{}\"><div class=\"bt_bb_row_holder\" ><div  class=\"bt_bb_column col-md-4 col-ms-12 bt_bb_align_left bt_bb_vertical_align_top bt_bb_animation_fade_in zoom_out animate bt_bb_padding_normal\"  data-width=\"4\"><div class=\"bt_bb_column_content\"><div  class=\"bt_bb_text\" ><\/p>\n<p><strong>Conseil en cybers\u00e9curit\u00e9 pour les services financiers:<\/strong><\/p>\n<p>Notre \u00e9quipe de consultants en cyber s\u00e9curit\u00e9 apporte une exp\u00e9rience approfondie des services financiers et une r\u00e9flexion nouvelle gr\u00e2ce \u00e0 une vaste connaissance des technologies et de la cyber s\u00e9curit\u00e9. Notre \u00e9quipe s\u2019appuie sur d&rsquo;anciens professionnels de la banque et sur des professionnels du risque et de l&rsquo;\u00e9valuation. Nous proposons des solutions pour r\u00e9pondre aux objectifs de demain.<\/p>\n<p>Nous comprenons que le secteur des services financiers est confront\u00e9 \u00e0 des d\u00e9fis complexes en mati\u00e8re de s\u00e9curit\u00e9. Les exigences de partage des donn\u00e9es et les d\u00e9fis en mati\u00e8re de s\u00e9curit\u00e9 des informations deviennent plus complexes et les possibilit\u00e9s de fraude augmentent. Les services financiers doivent pouvoir r\u00e9aliser toute op\u00e9ration sans souci li\u00e9 \u00e0 la cyber s\u00e9curit\u00e9, afin qu&rsquo;ils puissent se concentrer sur leurs missions.<\/p>\n<p>Pour cela, nous pouvons vous aider en vous fournissant<\/p>\n<ul>\n<li>Conseil en cyber s\u00e9curit\u00e9 financi\u00e8re<\/li>\n<li>Services financiers et bancaires<\/li>\n<li>\u00c9laboration d\u2019une politique de cyber s\u00e9curit\u00e9 pour les services financiers<\/li>\n<li>\u00c9ducation, formation et tests de sensibilisation<\/li>\n<li>Tests d\u2019intrusion<\/li>\n<\/ul>\n<p>\n<\/div><div class=\"bt_bb_separator bt_bb_border_style_none bt_bb_top_spacing_small\" data-bt-override-class=\"null\"><\/div><\/div><\/div><div  class=\"bt_bb_column col-md-4 col-ms-12 bt_bb_align_left bt_bb_vertical_align_top bt_bb_animation_fade_in zoom_out animate bt_bb_padding_normal\"  data-width=\"4\"><div class=\"bt_bb_column_content\"><div  class=\"bt_bb_text\" ><\/p>\n<p><strong>Conseil en cyber s\u00e9curit\u00e9 pour les cabinets juridiques et d\u2019avocats:<\/strong><\/p>\n<p>La cyber s\u00e9curit\u00e9 met \u00e0 l&rsquo;\u00e9preuve les cabinets juridiques et d&rsquo;avocats. Premi\u00e8rement, mettre en place une protection des donn\u00e9es critiques et des informations des citoyens est une exigence pour prot\u00e9ger la r\u00e9putation du cabinet.<\/p>\n<p>Les cabinets juridiques et d&rsquo;avocats ont le devoir de prot\u00e9ger efficacement les informations de leurs clients. Si une entreprise n\u00e9glige de s&rsquo;acquitter de cette obligation parce qu&rsquo;elle a fait preuve de laxisme en mati\u00e8re de s\u00e9curit\u00e9, elle pourrait entra\u00eener la divulgation de fichiers clients.<\/p>\n<p>Les infrastructures num\u00e9riques des cabinets d&rsquo;avocats contiennent des donn\u00e9es financi\u00e8res tr\u00e8s sensibles et de nombreuses autres informations confidentielles. Malheureusement, de nombreux cabinets ne disposent pas d&rsquo;un programme de confidentialit\u00e9 et de cyber s\u00e9curit\u00e9 complet et efficace. Nous pouvons vous aider \u00e0 mettre en place un tel programme.<\/p>\n<p>\n<\/div><div class=\"bt_bb_separator bt_bb_border_style_none bt_bb_top_spacing_small\" data-bt-override-class=\"null\"><\/div><\/div><\/div><div  class=\"bt_bb_column col-md-4 col-ms-12 bt_bb_align_left bt_bb_vertical_align_top bt_bb_animation_fade_in zoom_out animate bt_bb_padding_normal\"  data-width=\"4\"><div class=\"bt_bb_column_content\"><div  class=\"bt_bb_text\" ><\/p>\n<p><u>Conseil en cyber s\u00e9curit\u00e9 pour l&rsquo;enseignement sup\u00e9rieur<\/u><\/p>\n<p>Les \u00e9tablissements d&rsquo;enseignement sup\u00e9rieur sont charg\u00e9s de tous types de donn\u00e9es\u00a0: entreprises, \u00e9tudiants, parents, employ\u00e9s, donateurs, <em>etc<\/em>&#8230; La plupart des enregistrements des syst\u00e8mes de donn\u00e9es num\u00e9riques et des applications Web sont vuln\u00e9rables aux cyber attaques. Et les \u00e9tablissements d\u2019enseignement ne sont pas seulement menac\u00e9s par des menaces ext\u00e9rieures, mais aussi par des utilisateurs internes qui ne connaissent pas les bonnes pratiques de cyber s\u00e9curit\u00e9.<\/p>\n<p>L&rsquo;attaque par hame\u00e7onnage (phishing) est l&rsquo;une des attaques les plus courantes contre les \u00e9tablissements d&rsquo;enseignement. Sans une formation appropri\u00e9e sur la fa\u00e7on de traiter ce type d&rsquo;attaques, celle-ci peut entra\u00eener une violation de l&rsquo;ensemble de votre architecture num\u00e9rique et une fuite de donn\u00e9es confidentielles. La plupart des \u00e9tablissements d&rsquo;enseignement sont vuln\u00e9rables par manque d\u2019information.<\/p>\n<p>Laissez Afri Cyber S\u00e9curit\u00e9 accompagner votre \u00e9tablissement d&rsquo;enseignement \u00e0 s\u00e9curiser vos donn\u00e9es.<\/p>\n<p>\n<\/div><div class=\"bt_bb_separator bt_bb_border_style_none bt_bb_bottom_spacing_normal\" data-bt-override-class=\"null\"><\/div><\/div><\/div><\/div><\/div><\/div><\/div><\/div><\/section>\n<!-- AddThis Advanced Settings generic via filter on the_content --><!-- AddThis Share Buttons generic via filter on the_content -->","protected":false},"excerpt":{"rendered":"<p><!-- AddThis Advanced Settings generic via filter on get_the_excerpt --><!-- AddThis Share Buttons generic via filter on get_the_excerpt --><\/p>","protected":false},"author":1,"featured_media":0,"parent":0,"menu_order":0,"comment_status":"closed","ping_status":"closed","template":"","meta":{"footnotes":""},"class_list":["post-3535","page","type-page","status-publish","hentry"],"_links":{"self":[{"href":"https:\/\/africyse.com\/en\/wp-json\/wp\/v2\/pages\/3535","targetHints":{"allow":["GET"]}}],"collection":[{"href":"https:\/\/africyse.com\/en\/wp-json\/wp\/v2\/pages"}],"about":[{"href":"https:\/\/africyse.com\/en\/wp-json\/wp\/v2\/types\/page"}],"author":[{"embeddable":true,"href":"https:\/\/africyse.com\/en\/wp-json\/wp\/v2\/users\/1"}],"replies":[{"embeddable":true,"href":"https:\/\/africyse.com\/en\/wp-json\/wp\/v2\/comments?post=3535"}],"version-history":[{"count":1,"href":"https:\/\/africyse.com\/en\/wp-json\/wp\/v2\/pages\/3535\/revisions"}],"predecessor-version":[{"id":3536,"href":"https:\/\/africyse.com\/en\/wp-json\/wp\/v2\/pages\/3535\/revisions\/3536"}],"wp:attachment":[{"href":"https:\/\/africyse.com\/en\/wp-json\/wp\/v2\/media?parent=3535"}],"curies":[{"name":"wp","href":"https:\/\/api.w.org\/{rel}","templated":true}]}}