{"id":3531,"date":"2020-08-27T08:19:41","date_gmt":"2020-08-27T08:19:41","guid":{"rendered":"https:\/\/africyse.com\/?page_id=3531"},"modified":"2020-08-27T08:19:41","modified_gmt":"2020-08-27T08:19:41","slug":"developpement-de-programmes","status":"publish","type":"page","link":"https:\/\/africyse.com\/en\/developpement-de-programmes\/","title":{"rendered":"Applications Development"},"content":{"rendered":"<section id=\"bt_bb_section69e2fea96b1e8\"  class=\"bt_bb_section bt_bb_top_spacing_extra_large bt_bb_bottom_spacing_large bt_bb_layout_boxed_1200 bt_bb_vertical_align_top\" ><div class=\"bt_bb_port\"><div class=\"bt_bb_cell\"><div class=\"bt_bb_cell_inner\"><div class=\"bt_bb_row\"  data-bt-override-class=\"{}\"><div class=\"bt_bb_row_holder\" ><div  class=\"bt_bb_column col-md-6 col-sm-12 bt_bb_align_left bt_bb_vertical_align_top bt_bb_animation_fade_in zoom_out animate bt_bb_padding_normal\"  data-width=\"6\"><div class=\"bt_bb_column_content\"><header class=\"bt_bb_headline bt_bb_dash_none bt_bb_superheadline bt_bb_superheadline_outside bt_bb_subheadline bt_bb_size_large bt_bb_align_inherit\" data-bt-override-class=\"{}\"><div class=\"bt_bb_headline_superheadline_outside\"><span class=\"bt_bb_headline_superheadline\">DEVELOPPEMENT DE PROGRAMMES DE CYBERS\u00c9CURIT\u00c9<\/span><\/div><h2 class=\"bt_bb_headline_tag\"><span class=\"bt_bb_headline_content\"><span><b>Programmes<\/b><br \/><br \/>\n<u>de Cybers\u00e9curit\u00e9<\/u><\/span><\/span><\/h2><div class=\"bt_bb_headline_subheadline\">Afri Cyber S\u00e9curit\u00e9 garantie votre programme de s\u00e9curit\u00e9. Car si vous perdez des donn\u00e9es, vous perdez un temps pr\u00e9cieux, vous perdez des affaires et dans la plupart des cas, votre organisation perd des clients. Il est essentiel d'avoir une bonne \u00e9quipe pour d\u00e9velopper votre programme de s\u00e9curit\u00e9.<\/div><\/header><div class=\"bt_bb_separator bt_bb_border_style_none bt_bb_top_spacing_medium\" data-bt-override-class=\"null\"><\/div><\/div><\/div><div  class=\"bt_bb_column col-md-6 col-sm-12 bt_bb_align_left bt_bb_vertical_align_top bt_bb_animation_fade_in zoom_out animate bt_bb_padding_normal\"  data-width=\"6\"><div class=\"bt_bb_column_content\"><\/div><\/div><\/div><\/div><div class=\"bt_bb_row  bt_bb_column_gap_45\" style=\"; --column-gap:45px;\" data-bt-override-class=\"{}\"><div class=\"bt_bb_row_holder\" ><div  class=\"bt_bb_column col-md-4 col-ms-12 bt_bb_align_left bt_bb_vertical_align_top bt_bb_animation_fade_in zoom_out animate bt_bb_padding_normal\"  data-width=\"4\"><div class=\"bt_bb_column_content\"><div  class=\"bt_bb_text\" ><\/p>\n<p><strong>D\u00e9veloppement de programmes de cyber s\u00e9curit\u00e9<\/strong><\/p>\n<p>Un programme de cyber s\u00e9curit\u00e9 vous aidera \u00e0 garantir la confidentialit\u00e9, l&rsquo;int\u00e9grit\u00e9, la disponibilit\u00e9 des informations de vos clients, ainsi que les donn\u00e9es essentielles de votre organisation.<\/p>\n<p>Afri Cyber S\u00e9curit\u00e9 garantie votre programme de s\u00e9curit\u00e9. Car si vous perdez des donn\u00e9es, vous perdez un temps pr\u00e9cieux, vous perdez des affaires et dans la plupart des cas, votre organisation perd des clients. Il est essentiel d&rsquo;avoir une bonne \u00e9quipe pour d\u00e9velopper votre programme de s\u00e9curit\u00e9. Vous pouvez compter sur notre \u00e9quipe de consultants en s\u00e9curit\u00e9 pour mettre en \u0153uvre un programme de s\u00e9curit\u00e9 complet comprenant<\/p>\n<ul>\n<li>la mise en \u0153uvre d&rsquo;un cadre de s\u00e9curit\u00e9<\/li>\n<li>la gestion des risques<\/li>\n<li>les op\u00e9rations de s\u00e9curit\u00e9<\/li>\n<li>la r\u00e9ponse aux incidents<\/li>\n<li>le service de gouvernance<\/li>\n<\/ul>\n<p>Notre programme de cyber s\u00e9curit\u00e9 offre un retour sur investissement gr\u00e2ce \u00e0 la pr\u00e9vention des cyber attaques.<\/p>\n<p>Notre cabinet de conseil en cyber s\u00e9curit\u00e9 se concentre sur l&rsquo;aide aux entreprises avec une m\u00e9thodologie personnalis\u00e9e pour aider \u00e0 analyser le niveau de maturit\u00e9 de la cyber s\u00e9curit\u00e9 de l\u2019organisation en fonction de l\u2019environnement sp\u00e9cifique et du domaine d\u2019activit\u00e9. Cette m\u00e9thodologie compl\u00e8te comprend des phases d\u00e9taill\u00e9es pour aider les entreprises dans leur parcours de d\u00e9veloppement d\u2019une strat\u00e9gie de cyber s\u00e9curit\u00e9<\/p>\n<ul>\n<li>Analyser l&rsquo;\u00e9tat actuel de maturit\u00e9 et la strat\u00e9gie globale de l\u2019entreprise en mati\u00e8re de cyber s\u00e9curit\u00e9<\/li>\n<\/ul>\n<ul>\n<li>\u00c9laboration d&rsquo;une politique de cyber s\u00e9curit\u00e9 en d\u00e9finissant des objectifs clairs et pr\u00e9cis en partenariat avec tout le personnel impliqu\u00e9<\/li>\n<li>\u00c9laboration d&rsquo;une feuille de route pour atteindre les objectifs<\/li>\n<li>Elaboration de facteurs de r\u00e9ussite de la mise en \u0153uvre et optimisation continue<\/li>\n<li>Fourniture d\u2019une gestion compl\u00e8te du programme de cyber s\u00e9curit\u00e9<\/li>\n<\/ul>\n<p>\n<\/div><div class=\"bt_bb_separator bt_bb_border_style_none bt_bb_top_spacing_small\" data-bt-override-class=\"null\"><\/div><\/div><\/div><div  class=\"bt_bb_column col-md-4 col-ms-12 bt_bb_align_left bt_bb_vertical_align_top bt_bb_animation_fade_in zoom_out animate bt_bb_padding_normal\"  data-width=\"4\"><div class=\"bt_bb_column_content\"><div  class=\"bt_bb_text\" ><\/p>\n<p><strong>Programme de Cybers\u00e9curit\u00e9<\/strong><\/p>\n<p>\u00c9laborez d\u2019abord votre strat\u00e9gie pour votre programme de cyber s\u00e9curit\u00e9 : elle repr\u00e9sente l&rsquo;orientation g\u00e9n\u00e9rale de la cyber s\u00e9curit\u00e9 dans votre organisation. Par cons\u00e9quent, elle doit \u00eatre cr\u00e9\u00e9e avant tout autre composant de votre programme de s\u00e9curit\u00e9. Pour vous aider dans la cr\u00e9ation de votre programme de cyber s\u00e9curit\u00e9, nous vous proposons divers prestations<\/p>\n<ul>\n<li>Outil de d\u00e9veloppement de programme de cyber s\u00e9curit\u00e9<\/li>\n<li>Conseils pour l&rsquo;\u00e9laboration de votre programme de cyber s\u00e9curit\u00e9<\/li>\n<li>Elaboration des mesures de votre programme de cyber s\u00e9curit\u00e9<\/li>\n<li>Examen r\u00e9glementaire<\/li>\n<\/ul>\n<p>\n<\/div><div class=\"bt_bb_separator bt_bb_border_style_none bt_bb_top_spacing_small\" data-bt-override-class=\"null\"><\/div><\/div><\/div><div  class=\"bt_bb_column col-md-4 col-ms-12 bt_bb_align_left bt_bb_vertical_align_top bt_bb_animation_fade_in zoom_out animate bt_bb_padding_normal\"  data-width=\"4\"><div class=\"bt_bb_column_content\"><div  class=\"bt_bb_text\" ><\/p>\n<p><strong>Gestion des risques de la Cybers\u00e9curit\u00e9<\/strong><\/p>\n<p>Services de c\u00ad\u00adonseil en gestion des risques d&rsquo;entreprise.<\/p>\n<p>La gestion des risques est le processus continu d&rsquo;identification, d&rsquo;analyse, d&rsquo;\u00e9valuation, de traitement des expositions aux pertes et de suivi du contr\u00f4le des risques et des ressources fin\u00ad\u00adanci\u00e8res pour att\u00e9nuer les effets n\u00e9gatifs des pertes.<\/p>\n<p>Elle implique de comprendre, d&rsquo;analyser et de traiter les risques pour s&rsquo;assurer que les organisations atteignent leurs objectifs. Elle doit donc \u00eatre proportionn\u00e9e \u00e0 la complexit\u00e9 et au type d&rsquo;organisation impliqu\u00e9es. La gestion des risques d\u2019entreprise implique une approche int\u00e9gr\u00e9e et conjointe dans une organisation et ses r\u00e9seaux \u00e9tendus.<\/p>\n<p>Parce que le risque est toujours pr\u00e9sent dans tous ce que nous faisons, le type de r\u00f4les assum\u00e9s par les professionnels du risque est incroyablement diversifi\u00e9. Ils comprennent des r\u00f4les dans l&rsquo;assurance, la sant\u00e9, la s\u00e9curit\u00e9, la gestion d&rsquo;entreprise, l&rsquo;ing\u00e9nierie, la planification, les finances, <em>etc.<\/em>.<\/p>\n<p>La mission d\u2019Afri Cyber S\u00e9curit\u00e9 est de construire l&rsquo;excellence dans la gestion des risques, dans tous les secteurs et \u00e0 travers le monde.<\/p>\n<p><strong>La perte peut r\u00e9sulter des \u00e9l\u00e9ments suivants :<\/strong><\/p>\n<ul>\n<li>les risques financiers tels que le co\u00fbt des r\u00e9clamations et les jugements de responsabilit\u00e9,<\/li>\n<li>risques op\u00e9rationnels tels que les gr\u00e8ves du travail,<\/li>\n<li>risques de p\u00e9rim\u00e8tre, y compris les changements m\u00e9t\u00e9orologiques ou politiques,<\/li>\n<li>les risques strat\u00e9giques, notamment les changements de gestion ou la perte de r\u00e9putation.<\/li>\n<\/ul>\n<p>Afri Cyber S\u00e9curit\u00e9 effectuera les t\u00e2ches suivantes:<\/p>\n<ul>\n<li>Evaluation des risques de cyber s\u00e9curit\u00e9,<\/li>\n<li>Cadre de gestion des risques et de conformit\u00e9,<\/li>\n<li>Conception, mise en \u0153uvre du cadre de gestion des risques,<\/li>\n<li>Analyse des \u00e9carts de gestion des risques,<\/li>\n<li>Analyse de la gestion des risques,<\/li>\n<li>Assainissement de la gestion des risques,<\/li>\n<li>Conseil en gestion des risques technologiques.<\/li>\n<\/ul>\n<p>\n<\/div><div class=\"bt_bb_separator bt_bb_border_style_none bt_bb_top_spacing_small\" data-bt-override-class=\"null\"><\/div><\/div><\/div><\/div><\/div><\/div><\/div><\/div><\/section>\n<!-- AddThis Advanced Settings generic via filter on the_content --><!-- AddThis Share Buttons generic via filter on the_content -->","protected":false},"excerpt":{"rendered":"<p><!-- AddThis Advanced Settings generic via filter on get_the_excerpt --><!-- AddThis Share Buttons generic via filter on get_the_excerpt --><\/p>","protected":false},"author":1,"featured_media":0,"parent":0,"menu_order":0,"comment_status":"closed","ping_status":"closed","template":"","meta":{"footnotes":""},"class_list":["post-3531","page","type-page","status-publish","hentry"],"_links":{"self":[{"href":"https:\/\/africyse.com\/en\/wp-json\/wp\/v2\/pages\/3531","targetHints":{"allow":["GET"]}}],"collection":[{"href":"https:\/\/africyse.com\/en\/wp-json\/wp\/v2\/pages"}],"about":[{"href":"https:\/\/africyse.com\/en\/wp-json\/wp\/v2\/types\/page"}],"author":[{"embeddable":true,"href":"https:\/\/africyse.com\/en\/wp-json\/wp\/v2\/users\/1"}],"replies":[{"embeddable":true,"href":"https:\/\/africyse.com\/en\/wp-json\/wp\/v2\/comments?post=3531"}],"version-history":[{"count":3,"href":"https:\/\/africyse.com\/en\/wp-json\/wp\/v2\/pages\/3531\/revisions"}],"predecessor-version":[{"id":3534,"href":"https:\/\/africyse.com\/en\/wp-json\/wp\/v2\/pages\/3531\/revisions\/3534"}],"wp:attachment":[{"href":"https:\/\/africyse.com\/en\/wp-json\/wp\/v2\/media?parent=3531"}],"curies":[{"name":"wp","href":"https:\/\/api.w.org\/{rel}","templated":true}]}}