{"id":3379,"date":"2019-04-01T07:29:45","date_gmt":"2019-04-01T07:29:45","guid":{"rendered":"http:\/\/avantage.bold-themes.com\/hr\/?page_id=114"},"modified":"2020-08-27T08:17:21","modified_gmt":"2020-08-27T08:17:21","slug":"cybersecurite","status":"publish","type":"page","link":"https:\/\/africyse.com\/en\/cybersecurite\/","title":{"rendered":"CyberSecurity"},"content":{"rendered":"<p><section id=\"bt_bb_section69e2fea9a59b8\"  data-background_image_src=\"'https:\/\/africyse.com\/wp-content\/uploads\/2019\/04\/bgn-people.png'\" class=\"bt_bb_section bt_bb_top_spacing_extra_large bt_bb_bottom_spacing_large bt_bb_layout_boxed_1200 bt_bb_vertical_align_top btLazyLoadBackground bt_bb_background_image\" style=\"background-image:url(&#039;https:\/\/africyse.com\/wp-content\/plugins\/bold-page-builder\/img\/blank.gif&#039;);background-position:center;background-size:contain;\"><div class=\"bt_bb_port\"><div class=\"bt_bb_cell\"><div class=\"bt_bb_cell_inner\"><div class=\"bt_bb_row\"  data-bt-override-class=\"{}\"><div class=\"bt_bb_row_holder\" ><div  class=\"bt_bb_column col-md-6 col-sm-12 bt_bb_align_left bt_bb_vertical_align_top bt_bb_animation_fade_in zoom_out animate bt_bb_padding_normal\"  data-width=\"6\"><div class=\"bt_bb_column_content\"><header class=\"bt_bb_headline bt_bb_dash_none bt_bb_superheadline bt_bb_superheadline_outside bt_bb_subheadline bt_bb_size_large bt_bb_align_inherit\" data-bt-override-class=\"{}\"><div class=\"bt_bb_headline_superheadline_outside\"><span class=\"bt_bb_headline_superheadline\">CYBER SECURITE CONSULTATION <\/span><\/div><h2 class=\"bt_bb_headline_tag\"><span class=\"bt_bb_headline_content\"><span><b>Consulting in<\/b><br \/><br \/>\n<u>CyberSecurity<\/u><\/span><\/span><\/h2><div class=\"bt_bb_headline_subheadline\">Nos \u00e9quipes d\u00e9di\u00e9es maintiennent des mesures de cyber s\u00e9curit\u00e9 pour prot\u00e9ger l'int\u00e9grit\u00e9 des infrastructures essentielles des organisations partenaires dans des domaines vari\u00e9s tels que la finance, la sant\u00e9 publique, les sciences, la s\u00e9curit\u00e9, la d\u00e9fense et le renseignement. <\/div><\/header><div class=\"bt_bb_separator bt_bb_border_style_none bt_bb_bottom_spacing_medium\" data-bt-override-class=\"null\"><\/div><\/div><\/div><div  class=\"bt_bb_column col-md-6 col-sm-12 bt_bb_align_left bt_bb_vertical_align_top bt_bb_animation_fade_in zoom_out animate bt_bb_padding_normal\"  data-width=\"6\"><div class=\"bt_bb_column_content\"><\/div><\/div><\/div><\/div><div class=\"bt_bb_row  bt_bb_column_gap_45\" style=\"; --column-gap:45px;\" data-bt-override-class=\"{}\"><div class=\"bt_bb_row_holder\" ><div  class=\"bt_bb_column col-md-4 col-ms-12 bt_bb_align_left bt_bb_vertical_align_top bt_bb_animation_fade_in zoom_out animate bt_bb_padding_normal\"  data-width=\"4\"><div class=\"bt_bb_column_content\"><div  class=\"bt_bb_text\" ><\/p>\n<p><strong>Consultation Cybers\u00e9curit\u00e9:<\/strong><\/p>\n<p>Services de conseil en mati\u00e8re d&rsquo;information et de cyber s\u00e9curit\u00e9. Les syst\u00e8mes et principes de cyber s\u00e9curit\u00e9 sont con\u00e7us pour prot\u00e9ger les donn\u00e9es, les sites applications Web des entreprises contre les pirates informatiques qui cherchent \u00e0 perturber, retarder, alt\u00e9rer ou rediriger le flux de donn\u00e9es. Ces pirates \u00a0varient en termes de cibles, de motivations, de niveaux d&rsquo;organisation et de capacit\u00e9s techniques, ce qui oblige les organisations publiques et priv\u00e9es \u00e0 adopter des mesures de plus en plus nombreuses pour pr\u00e9venir les cyber attaques. Notre \u00e9quipe contribuera \u00e0 la d\u00e9termination des risques de cyber s\u00e9curit\u00e9 et \u00e0 la d\u00e9finition des mesures correctives et aux efforts de conformit\u00e9.<\/p>\n<p>\n<\/div><div class=\"bt_bb_separator bt_bb_border_style_none bt_bb_top_spacing_small\" data-bt-override-class=\"null\"><\/div><\/div><\/div><div  class=\"bt_bb_column col-md-4 col-ms-12 bt_bb_align_left bt_bb_vertical_align_top bt_bb_animation_fade_in zoom_out animate bt_bb_padding_normal\"  data-width=\"4\"><div class=\"bt_bb_column_content\"><div  class=\"bt_bb_text\" ><\/p>\n<p><strong>Les avantages:<\/strong><\/p>\n<p>Nos \u00e9quipes d\u00e9di\u00e9es maintiennent des mesures de cyber s\u00e9curit\u00e9 pour prot\u00e9ger l&rsquo;int\u00e9grit\u00e9 des infrastructures essentielles des organisations partenaires dans des domaines vari\u00e9s tels que la finance, la sant\u00e9 publique, les sciences, la s\u00e9curit\u00e9, la d\u00e9fense et le renseignement.<\/p>\n<p>Private companies need strong cyber security and data protection to avoid loss of revenue, reputational damage and fines because they are legally liable.<\/p>\n<p>\n<\/div><div class=\"bt_bb_separator bt_bb_border_style_none bt_bb_top_spacing_small\" data-bt-override-class=\"null\"><\/div><\/div><\/div><div  class=\"bt_bb_column col-md-4 col-ms-12 bt_bb_align_left bt_bb_vertical_align_top bt_bb_animation_fade_in zoom_out animate bt_bb_padding_normal\"  data-width=\"4\"><div class=\"bt_bb_column_content\"><div  class=\"bt_bb_text\" ><\/p>\n<p><strong>Cybers\u00e9curit\u00e9 avec Afri Cybers\u00e9curit\u00e9:<\/strong><\/p>\n<p>Cyber s\u00e9curit\u00e9 Conseil fournit une strat\u00e9gie et une conception de s\u00e9curit\u00e9 de l&rsquo;information pour vous donner une meilleure posture de s\u00e9curit\u00e9. Vous pouvez compter sur nous pour vous fournir des services de conseil en information et en cyber s\u00e9curit\u00e9 complets et de qualit\u00e9\u00a0:<\/p>\n<ul>\n<li>\u00c9valuations de la s\u00e9curit\u00e9 des informations pour analyser la maturit\u00e9 de votre programme de s\u00e9curit\u00e9, ainsi que pour identifier les lacunes, les faiblesses et les axes d&rsquo;am\u00e9lioration.<\/li>\n<li>Gestion des donn\u00e9es\u00a0: Nous vous aidons \u00e0 g\u00e9rer des volumes de donn\u00e9es de plus en plus importants, \u00e0 mener des contr\u00f4les et plans d&rsquo;\u00e9limination en coh\u00e9rence avec les r\u00e9glementations en vigueur.<\/li>\n<\/ul>\n<p>\n<\/div><div class=\"bt_bb_separator bt_bb_border_style_none bt_bb_bottom_spacing_normal\" data-bt-override-class=\"null\"><\/div><\/div><\/div><\/div><\/div><\/div><\/div><\/div><\/section><section id=\"bt_bb_section69e2fea9a601c\"  class=\"bt_bb_section bt_bb_bottom_spacing_medium bt_bb_layout_boxed_1200 bt_bb_vertical_align_top bt_bb_hidden_xs bt_bb_hidden_ms bt_bb_hidden_sm\" ><div class=\"bt_bb_port\"><div class=\"bt_bb_cell\"><div class=\"bt_bb_cell_inner\"><div class=\"bt_bb_row\"  data-bt-override-class=\"{}\"><div class=\"bt_bb_row_holder\" ><div  class=\"bt_bb_column col-md-12 col-ms-12 bt_bb_align_left bt_bb_vertical_align_top bt_bb_padding_normal\"  data-width=\"12\"><div class=\"bt_bb_column_content\"><div class=\"bt_bb_content_slider bt_bb_gap_large bt_bb_arrows_size_no_arrows bt_bb_show_dots_hide bt_bb_height_auto bt_bb_animation_slide bt_bb_animation_slide animate\" data-bt-override-class=\"{}\"><div class=\"slick-slider\"  data-slick='{ \"lazyLoad\": \"progressive\", \"cssEase\": \"ease-out\", \"speed\": \"600\", \"accessibility\": false, \"arrows\": false, \"adaptiveHeight\": true,\"autoplay\": true, \"autoplaySpeed\": 2500,\"pauseOnHover\": false}' ><div class=\"bt_bb_content_slider_item\"><div class=\"bt_bb_content_slider_item_content content\"><div class=\"bt_bb_service bt_bb_color_scheme_6 bt_bb_style_filled bt_bb_size_large bt_bb_shape_circle bt_bb_align_inherit bt_bb_vertical_align_top\"><span  data-ico-teamwork=\"&#xe90f;\" class=\"bt_bb_icon_holder\"><\/span><div class=\"bt_bb_service_content\"><div class=\"bt_bb_service_content_title\"><u>La consultation en cybers\u00e9curit\u00e9, c'est:<\/u><\/div><div class=\"bt_bb_service_content_text\">Conseil en cyber s\u00e9curit\u00e9 + gestions des op\u00e9rations<\/div><\/div><\/div><\/div><\/div><div class=\"bt_bb_content_slider_item\"><div class=\"bt_bb_content_slider_item_content content\"><div class=\"bt_bb_service bt_bb_color_scheme_11 bt_bb_style_filled bt_bb_size_large bt_bb_shape_circle bt_bb_align_inherit bt_bb_vertical_align_top\"><span  data-ico-teamwork=\"&#xe904;\" class=\"bt_bb_icon_holder\"><\/span><div class=\"bt_bb_service_content\"><div class=\"bt_bb_service_content_title\"><u>La consultation en cybers\u00e9curit\u00e9, c'est:<\/u><\/div><div class=\"bt_bb_service_content_text\">Services de criminalistique num\u00e9rique.<\/div><\/div><\/div><\/div><\/div><div class=\"bt_bb_content_slider_item\"><div class=\"bt_bb_content_slider_item_content content\"><div class=\"bt_bb_service bt_bb_color_scheme_6 bt_bb_style_filled bt_bb_size_large bt_bb_shape_circle bt_bb_align_inherit bt_bb_vertical_align_top\"><span  data-ico-teamwork=\"&#xe907;\" class=\"bt_bb_icon_holder\"><\/span><div class=\"bt_bb_service_content\"><div class=\"bt_bb_service_content_title\"><u>La consultation en cybers\u00e9curit\u00e9, c'est:<\/u><\/div><div class=\"bt_bb_service_content_text\">\u00c9valuation des risques et de la vuln\u00e9rabilit\u00e9 + conception de la strat\u00e9gie de s\u00e9curit\u00e9 de l'information.<\/div><\/div><\/div><\/div><\/div><div class=\"bt_bb_content_slider_item\"><div class=\"bt_bb_content_slider_item_content content\"><div class=\"bt_bb_service bt_bb_color_scheme_11 bt_bb_style_filled bt_bb_size_large bt_bb_shape_circle bt_bb_align_inherit bt_bb_vertical_align_top\"><span  data-ico-teamwork=\"&#xe90b;\" class=\"bt_bb_icon_holder\"><\/span><div class=\"bt_bb_service_content\"><div class=\"bt_bb_service_content_title\"><u>La consultation en cybers\u00e9curit\u00e9, c'est:<\/u><\/div><div class=\"bt_bb_service_content_text\">Conception et refonte de l'architecture de la cyber s\u00e9curit\u00e9 de l'entreprise.<\/div><\/div><\/div><\/div><\/div><div class=\"bt_bb_content_slider_item\"><div class=\"bt_bb_content_slider_item_content content\"><div class=\"bt_bb_service bt_bb_color_scheme_6 bt_bb_style_filled bt_bb_size_large bt_bb_shape_circle bt_bb_align_inherit bt_bb_vertical_align_top\"><span  data-ico-teamwork=\"&#xe90a;\" class=\"bt_bb_icon_holder\"><\/span><div class=\"bt_bb_service_content\"><div class=\"bt_bb_service_content_title\"><u>La consultation en cybers\u00e9curit\u00e9, c'est:<\/u><\/div><div class=\"bt_bb_service_content_text\">S\u00e9curit\u00e9 des applications et des logiciels.<\/div><\/div><\/div><\/div><\/div><div class=\"bt_bb_content_slider_item\"><div class=\"bt_bb_content_slider_item_content content\"><div class=\"bt_bb_service bt_bb_color_scheme_11 bt_bb_style_filled bt_bb_size_large bt_bb_shape_circle bt_bb_align_inherit bt_bb_vertical_align_top\"><span  data-ico-teamwork=\"&#xe93a;\" class=\"bt_bb_icon_holder\"><\/span><div class=\"bt_bb_service_content\"><div class=\"bt_bb_service_content_title\"><u>La consultation en cybers\u00e9curit\u00e9, c'est:<\/u><\/div><div class=\"bt_bb_service_content_text\">Examen des codes malveillants + R\u00e9ponse aux incidents de s\u00e9curit\u00e9 informatique.<\/div><\/div><\/div><\/div><\/div><\/div><\/div><\/div><\/div><\/div><\/div><\/div><\/div><\/div><\/section><\/p>\n<!-- AddThis Advanced Settings generic via filter on the_content --><!-- AddThis Share Buttons generic via filter on the_content -->","protected":false},"excerpt":{"rendered":"<p>Quickly communicate enabled technology and turnkey leadership skills. Uniquely enable accurate supply chains rather than frictionless technology. Globally network focused materials vis-a-vis cost effective manufactured products.<!-- AddThis Advanced Settings generic via filter on get_the_excerpt --><!-- AddThis Share Buttons generic via filter on get_the_excerpt --><\/p>","protected":false},"author":1,"featured_media":371,"parent":0,"menu_order":0,"comment_status":"closed","ping_status":"closed","template":"","meta":{"footnotes":""},"class_list":["post-3379","page","type-page","status-publish","has-post-thumbnail","hentry"],"_links":{"self":[{"href":"https:\/\/africyse.com\/en\/wp-json\/wp\/v2\/pages\/3379","targetHints":{"allow":["GET"]}}],"collection":[{"href":"https:\/\/africyse.com\/en\/wp-json\/wp\/v2\/pages"}],"about":[{"href":"https:\/\/africyse.com\/en\/wp-json\/wp\/v2\/types\/page"}],"author":[{"embeddable":true,"href":"https:\/\/africyse.com\/en\/wp-json\/wp\/v2\/users\/1"}],"replies":[{"embeddable":true,"href":"https:\/\/africyse.com\/en\/wp-json\/wp\/v2\/comments?post=3379"}],"version-history":[{"count":2,"href":"https:\/\/africyse.com\/en\/wp-json\/wp\/v2\/pages\/3379\/revisions"}],"predecessor-version":[{"id":3529,"href":"https:\/\/africyse.com\/en\/wp-json\/wp\/v2\/pages\/3379\/revisions\/3529"}],"wp:featuredmedia":[{"embeddable":true,"href":"https:\/\/africyse.com\/en\/wp-json\/wp\/v2\/media\/371"}],"wp:attachment":[{"href":"https:\/\/africyse.com\/en\/wp-json\/wp\/v2\/media?parent=3379"}],"curies":[{"name":"wp","href":"https:\/\/api.w.org\/{rel}","templated":true}]}}