{"id":1637,"date":"2019-04-01T10:25:28","date_gmt":"2019-04-01T10:25:28","guid":{"rendered":"http:\/\/avantage.bold-themes.com\/business\/?page_id=1637"},"modified":"2021-11-12T01:11:18","modified_gmt":"2021-11-12T01:11:18","slug":"nos-services","status":"publish","type":"page","link":"https:\/\/africyse.com\/en\/nos-services\/","title":{"rendered":"Services"},"content":{"rendered":"<section id=\"bt_bb_section69e302c3b25da\"  class=\"bt_bb_section bt_bb_top_spacing_large bt_bb_bottom_spacing_large bt_bb_layout_boxed_1200 bt_bb_vertical_align_top\" ><div class=\"bt_bb_port\"><div class=\"bt_bb_cell\"><div class=\"bt_bb_cell_inner\"><div class=\"bt_bb_row\"  data-bt-override-class=\"{}\"><div class=\"bt_bb_row_holder\" ><div  class=\"bt_bb_column col-md-2 col-sm-4 col-ms-12 bt_bb_align_left bt_bb_vertical_align_top bt_bb_padding_normal\"  data-width=\"2\"><div class=\"bt_bb_column_content\"><\/div><\/div><div  class=\"bt_bb_column col-md-8 col-ms-12 bt_bb_align_center bt_bb_vertical_align_top bt_bb_animation_fade_in animate bt_bb_padding_normal\"  data-width=\"8\"><div class=\"bt_bb_column_content\"><header class=\"bt_bb_headline bt_bb_font_weight_900 bt_bb_dash_top bt_bb_subheadline bt_bb_size_extralarge bt_bb_align_inherit\" data-bt-override-class=\"{}\"><h2 class=\"bt_bb_headline_tag\"><span class=\"bt_bb_headline_content\"><span>Les Services <b>Africyse<\/b><\/span><\/span><\/h2><div class=\"bt_bb_headline_subheadline\">Nous offrons une vari\u00e9t\u00e9 de services dans le domaine de la s\u00e9curit\u00e9.<\/div><\/header><div class=\"bt_bb_separator bt_bb_border_style_none bt_bb_bottom_spacing_medium\" data-bt-override-class=\"null\"><\/div><\/div><\/div><div  class=\"bt_bb_column col-md-2 col-sm-4 col-ms-12 bt_bb_align_left bt_bb_vertical_align_top bt_bb_padding_normal\"  data-width=\"2\"><div class=\"bt_bb_column_content\"><\/div><\/div><\/div><\/div><div class=\"bt_bb_row  bt_bb_column_gap_30\" style=\"; --column-gap:30px;\" data-bt-override-class=\"{}\"><div class=\"bt_bb_row_holder\" ><div  class=\"bt_bb_column col-md-4 col-ms-12 bt_bb_align_left bt_bb_vertical_align_top bt_bb_animation_fade_in zoom_out animate bt_bb_padding_normal\"  data-width=\"4\"><div class=\"bt_bb_column_content\"><div class=\"bt_bb_floating_element bt_bb_floating_element_horizontal_position_right bt_bb_floating_element_vertical_position_top bt_bb_floating_element_animation_delay_default bt_bb_floating_element_animation_duration_default bt_bb_floating_element_animation_style_ease_out\" style=\"margin-right: 3.125em;\" data-speed=\"0.8\"><div class=\"bt_bb_floating_element_html\" data-speed=\"0.8\"><span  style=\"width: 50px; height: 50px; box-shadow: 0 0 0 3px #e74a3e inset; border-radius: 50%;\"><\/span><\/div><\/div><div class=\"bt_bb_floating_element bt_bb_floating_element_horizontal_position_right bt_bb_floating_element_vertical_position_top bt_bb_floating_element_animation_delay_default bt_bb_floating_element_animation_duration_default bt_bb_floating_element_animation_style_ease_out\" style=\"margin-right: 3.5em; margin-top: 9em; z-index: -1;\" data-speed=\"1.4\"><div class=\"bt_bb_floating_element_html\" data-speed=\"1.4\"><span  style=\"width: 124px; height: 124px; border-radius: 50%; box-shadow: 0 1.25em 4.5em rgba(0,0,0,.1);background-color: rgba(255, 255, 255, 1);\"><\/span><\/div><\/div><div class=\"bt_bb_image bt_bb_shape_hard-rounded bt_bb_target_self bt_bb_align_inherit bt_bb_hover_style_simple bt_bb_content_display_always bt_bb_content_align_middle bt_bb_fill_background_color_full\" style=\"max-width: 290px;\" data-bt-override-class=\"{}\"><a href=\"#\"  target=\"_self\" title=\"img-service-01\"><img loading=\"lazy\" decoding=\"async\" width=\"800\" height=\"800\" src=\"https:\/\/africyse.com\/wp-content\/uploads\/2021\/11\/img-service-01.jpg\" class=\"attachment-full size-full\" alt=\"https:\/\/africyse.com\/wp-content\/uploads\/2021\/11\/img-service-01.jpg\" data-full_image_src=\"https:\/\/africyse.com\/wp-content\/uploads\/2021\/11\/img-service-01.jpg\" title=\"img-service-01\" srcset=\"https:\/\/africyse.com\/wp-content\/uploads\/2021\/11\/img-service-01.jpg 800w, https:\/\/africyse.com\/wp-content\/uploads\/2021\/11\/img-service-01-640x640.jpg 640w, https:\/\/africyse.com\/wp-content\/uploads\/2021\/11\/img-service-01-160x160.jpg 160w, https:\/\/africyse.com\/wp-content\/uploads\/2021\/11\/img-service-01-768x768.jpg 768w, https:\/\/africyse.com\/wp-content\/uploads\/2021\/11\/img-service-01-12x12.jpg 12w, https:\/\/africyse.com\/wp-content\/uploads\/2021\/11\/img-service-01-320x320.jpg 320w\" sizes=\"auto, (max-width: 800px) 100vw, 800px\" \/><\/a><\/div><div class=\"bt_bb_separator bt_bb_border_style_none bt_bb_bottom_spacing_normal\" data-bt-override-class=\"null\"><\/div><header class=\"bt_bb_headline bt_bb_font_weight_normal bt_bb_dash_none bt_bb_size_normal bt_bb_align_inherit\" data-bt-override-class=\"{}\"><h4 class=\"bt_bb_headline_tag\"><span class=\"bt_bb_headline_content\"><span>CyberSecurity<\/span><\/span><\/h4><\/header><div class=\"bt_bb_separator bt_bb_border_style_none bt_bb_bottom_spacing_normal\" data-bt-override-class=\"null\"><\/div><div  class=\"bt_bb_text\" ><\/p>\n<p>Notre \u00e9quipe contribuera \u00e0 la d\u00e9termination des risques de cyber s\u00e9curit\u00e9 et \u00e0 la d\u00e9finition des mesures correctives et aux efforts de conformit\u00e9.<\/p>\n<p>\n<\/div><div class=\"bt_bb_separator bt_bb_border_style_none bt_bb_top_spacing_small bt_bb_bottom_spacing_normal\" data-bt-override-class=\"null\"><\/div><div class=\"bt_bb_button bt_bb_color_scheme_5 bt_bb_icon_position_left bt_bb_style_lined bt_bb_size_small bt_bb_width_inline bt_bb_shape_inherit bt_bb_target_self bt_bb_align_inherit\" style=\"; --primary-color:#191919; --secondary-color:#e94d65;\" data-bt-override-class=\"{}\"><a href=\"https:\/\/africyse.com\/en\/cybersecurite\/\" target=\"_self\" class=\"bt_bb_link\" title=\"En Savoir Plus\"><span class=\"bt_bb_button_text\" >En Savoir Plus<\/span><\/a><\/div><div class=\"bt_bb_separator bt_bb_border_style_none bt_bb_bottom_spacing_medium\" data-bt-override-class=\"null\"><\/div><\/div><\/div><div  class=\"bt_bb_column col-md-4 col-ms-12 bt_bb_align_left bt_bb_vertical_align_top bt_bb_animation_fade_in zoom_out animate bt_bb_padding_normal\"  data-width=\"4\"><div class=\"bt_bb_column_content\"><div class=\"bt_bb_floating_element bt_bb_floating_element_horizontal_position_right bt_bb_floating_element_vertical_position_top bt_bb_floating_element_animation_delay_default bt_bb_floating_element_animation_duration_default bt_bb_floating_element_animation_style_ease_out\" style=\"margin-right: 6em; z-index: -1;\" data-speed=\"0.6\"><div class=\"bt_bb_floating_element_html\" data-speed=\"0.6\"><span  style=\"width: 56px; height: 57px;background-image:url(&#039;https:\/\/africyse.com\/wp-content\/uploads\/2020\/04\/floater-blue-stripes-small.png&#039;);\"><\/span><\/div><\/div><div class=\"bt_bb_floating_element bt_bb_floating_element_horizontal_position_right bt_bb_floating_element_vertical_position_top bt_bb_floating_element_animation_delay_default bt_bb_floating_element_animation_duration_default bt_bb_floating_element_animation_style_ease_out\" style=\"margin-top: 12em; margin-right: 5.75em;\" data-speed=\"1.0\"><div class=\"bt_bb_floating_element_html\" data-speed=\"1.0\"><span  style=\"width: 30px; height: 30px; border-radius: 50%;background-color: rgba(231, 74, 62, 1);\"><\/span><\/div><\/div><div class=\"bt_bb_image bt_bb_shape_hard-rounded bt_bb_target_self bt_bb_align_inherit bt_bb_hover_style_simple bt_bb_content_display_always bt_bb_content_align_middle bt_bb_fill_background_color_full\" style=\"max-width: 290px;\" data-bt-override-class=\"{}\"><a href=\"#\"  target=\"_self\" title=\"Slidesfinal4\"><img loading=\"lazy\" decoding=\"async\" width=\"800\" height=\"800\" src=\"https:\/\/africyse.com\/wp-content\/uploads\/2021\/11\/Slidesfinal4.jpeg\" class=\"attachment-full size-full\" alt=\"https:\/\/africyse.com\/wp-content\/uploads\/2021\/11\/Slidesfinal4.jpeg\" data-full_image_src=\"https:\/\/africyse.com\/wp-content\/uploads\/2021\/11\/Slidesfinal4.jpeg\" title=\"Slidesfinal4\" srcset=\"https:\/\/africyse.com\/wp-content\/uploads\/2021\/11\/Slidesfinal4.jpeg 800w, https:\/\/africyse.com\/wp-content\/uploads\/2021\/11\/Slidesfinal4-640x640.jpeg 640w, https:\/\/africyse.com\/wp-content\/uploads\/2021\/11\/Slidesfinal4-160x160.jpeg 160w, https:\/\/africyse.com\/wp-content\/uploads\/2021\/11\/Slidesfinal4-768x768.jpeg 768w, https:\/\/africyse.com\/wp-content\/uploads\/2021\/11\/Slidesfinal4-12x12.jpeg 12w, https:\/\/africyse.com\/wp-content\/uploads\/2021\/11\/Slidesfinal4-320x320.jpeg 320w\" sizes=\"auto, (max-width: 800px) 100vw, 800px\" \/><\/a><\/div><div class=\"bt_bb_separator bt_bb_border_style_none bt_bb_bottom_spacing_normal\" data-bt-override-class=\"null\"><\/div><header class=\"bt_bb_headline bt_bb_font_weight_normal bt_bb_dash_none bt_bb_size_normal bt_bb_align_inherit\" data-bt-override-class=\"{}\"><h4 class=\"bt_bb_headline_tag\"><span class=\"bt_bb_headline_content\"><span>Applications Development<\/span><\/span><\/h4><\/header><div class=\"bt_bb_separator bt_bb_border_style_none bt_bb_bottom_spacing_normal\" data-bt-override-class=\"null\"><\/div><div  class=\"bt_bb_text\" ><\/p>\n<p>Un programme de cyber s\u00e9curit\u00e9 vous aidera \u00e0 garantir la confidentialit\u00e9, l\u2019int\u00e9grit\u00e9, la disponibilit\u00e9 des informations de vos clients, ainsi que les donn\u00e9es essentielles de votre organisation.<\/p>\n<p>\n<\/div><div class=\"bt_bb_separator bt_bb_border_style_none bt_bb_top_spacing_small bt_bb_bottom_spacing_normal\" data-bt-override-class=\"null\"><\/div><div class=\"bt_bb_button bt_bb_color_scheme_5 bt_bb_icon_position_left bt_bb_style_lined bt_bb_size_small bt_bb_width_inline bt_bb_shape_inherit bt_bb_target_self bt_bb_align_inherit\" style=\"; --primary-color:#191919; --secondary-color:#e94d65;\" data-bt-override-class=\"{}\"><a href=\"https:\/\/africyse.com\/en\/developpement-de-programmes\/\" target=\"_self\" class=\"bt_bb_link\" title=\"En Savoir Plus\"><span class=\"bt_bb_button_text\" >En Savoir Plus<\/span><\/a><\/div><div class=\"bt_bb_separator bt_bb_border_style_none bt_bb_bottom_spacing_medium\" data-bt-override-class=\"null\"><\/div><\/div><\/div><div  class=\"bt_bb_column col-md-4 col-ms-12 bt_bb_align_left bt_bb_vertical_align_top bt_bb_animation_fade_in zoom_out animate bt_bb_padding_normal\"  data-width=\"4\"><div class=\"bt_bb_column_content\"><div class=\"bt_bb_floating_element bt_bb_floating_element_horizontal_position_right bt_bb_floating_element_vertical_position_top bt_bb_floating_element_animation_delay_default bt_bb_floating_element_animation_duration_default bt_bb_floating_element_animation_style_ease_out\" style=\"margin-top: 2em; margin-right: 2.8em;\" data-speed=\"1.0\"><div class=\"bt_bb_floating_element_html\" data-speed=\"1.0\"><span  style=\"width: 30px; height: 30px; box-shadow: 0 0 0 3px #e74a3e inset; border-radius: 50%;\"><\/span><\/div><\/div><div class=\"bt_bb_floating_element bt_bb_floating_element_horizontal_position_right bt_bb_floating_element_vertical_position_top bt_bb_floating_element_animation_delay_default bt_bb_floating_element_animation_duration_default bt_bb_floating_element_animation_style_ease_out\" style=\"margin-top: 6.25em; margin-right: 1.25em; z-index: -1;\" data-speed=\"0.6\"><div class=\"bt_bb_floating_element_html\" data-speed=\"0.6\"><span  style=\"width: 108px; height: 188px; background-repeat: repeat; background-size: auto; opacity: .05;background-image:url(&#039;https:\/\/africyse.com\/wp-content\/uploads\/2020\/04\/bgn-black-dots.png&#039;);\"><\/span><\/div><\/div><div class=\"bt_bb_image bt_bb_shape_hard-rounded bt_bb_target_self bt_bb_align_inherit bt_bb_hover_style_simple bt_bb_content_display_always bt_bb_content_align_middle bt_bb_fill_background_color_full\" style=\"max-width: 290px;\" data-bt-override-class=\"{}\"><a href=\"#\"  target=\"_self\" title=\"Slidesfinal20\"><img loading=\"lazy\" decoding=\"async\" width=\"800\" height=\"800\" src=\"https:\/\/africyse.com\/wp-content\/uploads\/2021\/11\/Slidesfinal20.png\" class=\"attachment-full size-full\" alt=\"https:\/\/africyse.com\/wp-content\/uploads\/2021\/11\/Slidesfinal20.png\" data-full_image_src=\"https:\/\/africyse.com\/wp-content\/uploads\/2021\/11\/Slidesfinal20.png\" title=\"Slidesfinal20\" srcset=\"https:\/\/africyse.com\/wp-content\/uploads\/2021\/11\/Slidesfinal20.png 800w, https:\/\/africyse.com\/wp-content\/uploads\/2021\/11\/Slidesfinal20-640x640.png 640w, https:\/\/africyse.com\/wp-content\/uploads\/2021\/11\/Slidesfinal20-160x160.png 160w, https:\/\/africyse.com\/wp-content\/uploads\/2021\/11\/Slidesfinal20-768x768.png 768w, https:\/\/africyse.com\/wp-content\/uploads\/2021\/11\/Slidesfinal20-12x12.png 12w, https:\/\/africyse.com\/wp-content\/uploads\/2021\/11\/Slidesfinal20-320x320.png 320w\" sizes=\"auto, (max-width: 800px) 100vw, 800px\" \/><\/a><\/div><div class=\"bt_bb_separator bt_bb_border_style_none bt_bb_bottom_spacing_normal\" data-bt-override-class=\"null\"><\/div><header class=\"bt_bb_headline bt_bb_font_weight_normal bt_bb_dash_none bt_bb_size_normal bt_bb_align_inherit\" data-bt-override-class=\"{}\"><h4 class=\"bt_bb_headline_tag\"><span class=\"bt_bb_headline_content\"><span>Products and Security Services<\/span><\/span><\/h4><\/header><div class=\"bt_bb_separator bt_bb_border_style_none bt_bb_bottom_spacing_normal\" data-bt-override-class=\"null\"><\/div><div  class=\"bt_bb_text\" ><\/p>\n<p>Nos services de conseil en cyber s\u00e9curit\u00e9 et nos services de gestion de la cyber s\u00e9curit\u00e9 soutiennent les organisations sur tous les march\u00e9s verticaux et prot\u00e8gent leurs donn\u00e9es sensibles.<\/p>\n<p>\n<\/div><div class=\"bt_bb_separator bt_bb_border_style_none bt_bb_top_spacing_small bt_bb_bottom_spacing_normal\" data-bt-override-class=\"null\"><\/div><div class=\"bt_bb_button bt_bb_color_scheme_5 bt_bb_icon_position_left bt_bb_style_lined bt_bb_size_small bt_bb_width_inline bt_bb_shape_inherit bt_bb_target_self bt_bb_align_inherit\" style=\"; --primary-color:#191919; --secondary-color:#e94d65;\" data-bt-override-class=\"{}\"><a href=\"https:\/\/africyse.com\/en\/produits-et-services-de-securite\/\" target=\"_self\" class=\"bt_bb_link\" title=\"En Savoir Plus\"><span class=\"bt_bb_button_text\" >En Savoir Plus<\/span><\/a><\/div><div class=\"bt_bb_separator bt_bb_border_style_none bt_bb_bottom_spacing_medium\" data-bt-override-class=\"null\"><\/div><\/div><\/div><\/div><\/div><div class=\"bt_bb_row  bt_bb_column_gap_30\" style=\"; --column-gap:30px;\" data-bt-override-class=\"{}\"><div class=\"bt_bb_row_holder\" ><div  class=\"bt_bb_column col-md-6 col-sm-12 bt_bb_align_left bt_bb_vertical_align_top bt_bb_animation_fade_in zoom_out animate bt_bb_padding_normal\"  data-width=\"6\"><div class=\"bt_bb_column_content\"><div class=\"bt_bb_floating_element bt_bb_floating_element_horizontal_position_right bt_bb_floating_element_vertical_position_top bt_bb_floating_element_animation_delay_default bt_bb_floating_element_animation_duration_default bt_bb_floating_element_animation_style_ease_out\" style=\"margin-right: 6em; z-index: -1;\" data-speed=\"0.8\"><div class=\"bt_bb_floating_element_html\" data-speed=\"0.8\"><span  style=\"width: 56px; height: 57px;background-image:url(&#039;https:\/\/africyse.com\/wp-content\/uploads\/2020\/04\/floater-blue-stripes-small.png&#039;);\"><\/span><\/div><\/div><div class=\"bt_bb_floating_element bt_bb_floating_element_horizontal_position_left bt_bb_floating_element_vertical_position_top bt_bb_floating_element_animation_delay_default bt_bb_floating_element_animation_duration_default bt_bb_floating_element_animation_style_ease_out\" style=\"margin-top: 9em; margin-left: -6em; z-index: -1;\" data-speed=\"1.6\"><div class=\"bt_bb_floating_element_html\" data-speed=\"1.6\"><span  style=\"width: 188px; height: 108px; background-repeat: repeat; background-size: auto; opacity: .05;background-image:url(&#039;https:\/\/africyse.com\/wp-content\/uploads\/2021\/11\/Slidesfinal24.jpg&#039;);\"><\/span><\/div><\/div><div class=\"bt_bb_image bt_bb_shape_hard-rounded bt_bb_target_self bt_bb_align_inherit bt_bb_hover_style_simple bt_bb_content_display_always bt_bb_content_align_middle bt_bb_fill_background_color_full\" style=\"max-width: 290px;\" data-bt-override-class=\"{}\"><a href=\"#\"  target=\"_self\" title=\"Slidesfinal24\"><img loading=\"lazy\" decoding=\"async\" width=\"800\" height=\"800\" src=\"https:\/\/africyse.com\/wp-content\/uploads\/2021\/11\/Slidesfinal24.jpg\" class=\"attachment-full size-full\" alt=\"https:\/\/africyse.com\/wp-content\/uploads\/2021\/11\/Slidesfinal24.jpg\" data-full_image_src=\"https:\/\/africyse.com\/wp-content\/uploads\/2021\/11\/Slidesfinal24.jpg\" title=\"Slidesfinal24\" srcset=\"https:\/\/africyse.com\/wp-content\/uploads\/2021\/11\/Slidesfinal24.jpg 800w, https:\/\/africyse.com\/wp-content\/uploads\/2021\/11\/Slidesfinal24-640x640.jpg 640w, https:\/\/africyse.com\/wp-content\/uploads\/2021\/11\/Slidesfinal24-160x160.jpg 160w, https:\/\/africyse.com\/wp-content\/uploads\/2021\/11\/Slidesfinal24-768x768.jpg 768w, https:\/\/africyse.com\/wp-content\/uploads\/2021\/11\/Slidesfinal24-12x12.jpg 12w, https:\/\/africyse.com\/wp-content\/uploads\/2021\/11\/Slidesfinal24-320x320.jpg 320w\" sizes=\"auto, (max-width: 800px) 100vw, 800px\" \/><\/a><\/div><div class=\"bt_bb_separator bt_bb_border_style_none bt_bb_bottom_spacing_normal\" data-bt-override-class=\"null\"><\/div><header class=\"bt_bb_headline bt_bb_font_weight_normal bt_bb_dash_none bt_bb_size_normal bt_bb_align_inherit\" data-bt-override-class=\"{}\"><h4 class=\"bt_bb_headline_tag\"><span class=\"bt_bb_headline_content\"><span>Cybers\u00e9curit\u00e9 pour les entreprises<\/span><\/span><\/h4><\/header><div class=\"bt_bb_separator bt_bb_border_style_none bt_bb_bottom_spacing_small\" data-bt-override-class=\"null\"><\/div><div  class=\"bt_bb_text\" ><\/p>\n<p>Notre \u00e9quipe de consultants en cyber s\u00e9curit\u00e9 apporte une exp\u00e9rience approfondie des services financiers et une r\u00e9flexion nouvelle gr\u00e2ce \u00e0 une vaste connaissance des technologies et de la cyber s\u00e9curit\u00e9.<\/p>\n<p>\n<\/div><div class=\"bt_bb_separator bt_bb_border_style_none bt_bb_top_spacing_small bt_bb_bottom_spacing_normal\" data-bt-override-class=\"null\"><\/div><div class=\"bt_bb_button bt_bb_color_scheme_5 bt_bb_icon_position_left bt_bb_style_lined bt_bb_size_small bt_bb_width_inline bt_bb_shape_inherit bt_bb_target_self bt_bb_align_inherit\" style=\"; --primary-color:#191919; --secondary-color:#e94d65;\" data-bt-override-class=\"{}\"><a href=\"https:\/\/africyse.com\/en\/cybersecurite-pour-les-entreprises\/\" target=\"_self\" class=\"bt_bb_link\" title=\"En Savoir Plus\"><span class=\"bt_bb_button_text\" >En Savoir Plus<\/span><\/a><\/div><div class=\"bt_bb_separator bt_bb_border_style_none bt_bb_bottom_spacing_medium bt_bb_hidden_md bt_bb_hidden_lg\" data-bt-override-class=\"null\"><\/div><\/div><\/div><div  class=\"bt_bb_column col-md-6 col-sm-12 bt_bb_align_left bt_bb_vertical_align_top bt_bb_animation_fade_in zoom_out animate bt_bb_padding_normal\"  data-width=\"6\"><div class=\"bt_bb_column_content\"><div class=\"bt_bb_floating_element bt_bb_floating_element_horizontal_position_right bt_bb_floating_element_vertical_position_top bt_bb_floating_element_animation_delay_default bt_bb_floating_element_animation_duration_default bt_bb_floating_element_animation_style_ease_out\" style=\"margin-top: 10em; margin-right: 2.8em;\" data-speed=\"0.8\"><div class=\"bt_bb_floating_element_html\" data-speed=\"0.8\"><span  style=\"width: 30px; height: 30px; box-shadow: 0 0 0 3px #18407c inset; border-radius: 50%;\"><\/span><\/div><\/div><div class=\"bt_bb_floating_element bt_bb_floating_element_horizontal_position_right bt_bb_floating_element_vertical_position_top bt_bb_floating_element_animation_delay_default bt_bb_floating_element_animation_duration_default bt_bb_floating_element_animation_style_ease_out\" style=\"margin-right: 3.125em;\" data-speed=\"1.6\"><div class=\"bt_bb_floating_element_html\" data-speed=\"1.6\"><span  style=\"width: 50px; height: 50px; inset; border-radius: 50%;background-color: rgba(241, 241, 241, 1);\"><\/span><\/div><\/div><div class=\"bt_bb_image bt_bb_shape_hard-rounded bt_bb_target_self bt_bb_align_inherit bt_bb_hover_style_simple bt_bb_content_display_always bt_bb_content_align_middle bt_bb_fill_background_color_full\" style=\"max-width: 290px;\" data-bt-override-class=\"{}\"><a href=\"#\"  target=\"_self\" title=\"Slidesfinal9\"><img loading=\"lazy\" decoding=\"async\" width=\"800\" height=\"800\" src=\"https:\/\/africyse.com\/wp-content\/uploads\/2021\/11\/Slidesfinal9.jpg\" class=\"attachment-full size-full\" alt=\"https:\/\/africyse.com\/wp-content\/uploads\/2021\/11\/Slidesfinal9.jpg\" data-full_image_src=\"https:\/\/africyse.com\/wp-content\/uploads\/2021\/11\/Slidesfinal9.jpg\" title=\"Slidesfinal9\" srcset=\"https:\/\/africyse.com\/wp-content\/uploads\/2021\/11\/Slidesfinal9.jpg 800w, https:\/\/africyse.com\/wp-content\/uploads\/2021\/11\/Slidesfinal9-640x640.jpg 640w, https:\/\/africyse.com\/wp-content\/uploads\/2021\/11\/Slidesfinal9-160x160.jpg 160w, https:\/\/africyse.com\/wp-content\/uploads\/2021\/11\/Slidesfinal9-768x768.jpg 768w, https:\/\/africyse.com\/wp-content\/uploads\/2021\/11\/Slidesfinal9-12x12.jpg 12w, https:\/\/africyse.com\/wp-content\/uploads\/2021\/11\/Slidesfinal9-320x320.jpg 320w\" sizes=\"auto, (max-width: 800px) 100vw, 800px\" \/><\/a><\/div><div class=\"bt_bb_separator bt_bb_border_style_none bt_bb_bottom_spacing_normal\" data-bt-override-class=\"null\"><\/div><header class=\"bt_bb_headline bt_bb_font_weight_normal bt_bb_dash_none bt_bb_size_normal bt_bb_align_inherit\" data-bt-override-class=\"{}\"><h4 class=\"bt_bb_headline_tag\"><span class=\"bt_bb_headline_content\"><span>Technologies<\/span><\/span><\/h4><\/header><div class=\"bt_bb_separator bt_bb_border_style_none bt_bb_bottom_spacing_small\" data-bt-override-class=\"null\"><\/div><div  class=\"bt_bb_text\" ><\/p>\n<p>Interactively coordinate proactive e-commerce via process-centric outside the box thinking solutions without functional solutions.<\/p>\n<p>\n<\/div><div class=\"bt_bb_separator bt_bb_border_style_none bt_bb_top_spacing_small bt_bb_bottom_spacing_normal\" data-bt-override-class=\"null\"><\/div><div class=\"bt_bb_button bt_bb_color_scheme_5 bt_bb_icon_position_left bt_bb_style_lined bt_bb_size_small bt_bb_width_inline bt_bb_shape_inherit bt_bb_target_self bt_bb_align_inherit\" style=\"; --primary-color:#191919; --secondary-color:#e94d65;\" data-bt-override-class=\"{}\"><a href=\"https:\/\/africyse.com\/en\/technologies\/\" target=\"_self\" class=\"bt_bb_link\" title=\"En Savoir Plus\"><span class=\"bt_bb_button_text\" >En Savoir Plus<\/span><\/a><\/div><\/div><\/div><\/div><\/div><\/div><\/div><\/div><\/section>\n<!-- AddThis Advanced Settings generic via filter on the_content --><!-- AddThis Share Buttons generic via filter on the_content -->","protected":false},"excerpt":{"rendered":"<p>Interactively procrastinate high-payoff content without backward-compatible data. Quickly cultivate optimal processes and tactical architectures. Completely iterate covalent strategic theme areas via accurate e-markets.<!-- AddThis Advanced Settings generic via filter on get_the_excerpt --><!-- AddThis Share Buttons generic via filter on get_the_excerpt --><\/p>","protected":false},"author":2,"featured_media":0,"parent":0,"menu_order":0,"comment_status":"closed","ping_status":"closed","template":"","meta":{"footnotes":""},"class_list":["post-1637","page","type-page","status-publish","hentry"],"_links":{"self":[{"href":"https:\/\/africyse.com\/en\/wp-json\/wp\/v2\/pages\/1637","targetHints":{"allow":["GET"]}}],"collection":[{"href":"https:\/\/africyse.com\/en\/wp-json\/wp\/v2\/pages"}],"about":[{"href":"https:\/\/africyse.com\/en\/wp-json\/wp\/v2\/types\/page"}],"author":[{"embeddable":true,"href":"https:\/\/africyse.com\/en\/wp-json\/wp\/v2\/users\/2"}],"replies":[{"embeddable":true,"href":"https:\/\/africyse.com\/en\/wp-json\/wp\/v2\/comments?post=1637"}],"version-history":[{"count":16,"href":"https:\/\/africyse.com\/en\/wp-json\/wp\/v2\/pages\/1637\/revisions"}],"predecessor-version":[{"id":3855,"href":"https:\/\/africyse.com\/en\/wp-json\/wp\/v2\/pages\/1637\/revisions\/3855"}],"wp:attachment":[{"href":"https:\/\/africyse.com\/en\/wp-json\/wp\/v2\/media?parent=1637"}],"curies":[{"name":"wp","href":"https:\/\/api.w.org\/{rel}","templated":true}]}}